{"id":64,"date":"2024-04-18T07:33:12","date_gmt":"2024-04-18T07:33:12","guid":{"rendered":"https:\/\/www.mdsmobilya.com\/?page_id=64"},"modified":"2024-07-09T13:22:21","modified_gmt":"2024-07-09T13:22:21","slug":"bantlama","status":"publish","type":"page","link":"https:\/\/www.mdsmobilya.com\/index.php\/bantlama\/","title":{"rendered":"Bantlama"},"content":{"rendered":"\n\t<section class=\"section dark has-parallax\" id=\"section_1632930586\">\n\t\t<div class=\"bg section-bg fill bg-fill  \" data-parallax-container=\".section\" data-parallax-background data-parallax=\"-5\">\n\n\t\t\t\n\t\t\t<div class=\"section-bg-overlay absolute fill\"><\/div>\n\t\t\t\n\n\t\t<\/div>\n\n\t\t\n\n\t\t<div class=\"section-content relative\">\n\t\t\t\n\n<div class=\"row align-center\"  id=\"row-94786304\">\n\n\n\t<div id=\"col-464476690\" class=\"col medium-7 small-12 large-7\"  >\n\t\t\t\t<div class=\"col-inner\"  >\n\t\t\t\n\t\t\t\n\n\t<div id=\"text-282306279\" class=\"text\">\n\t\t\n\n<h6>MDS<\/h6>\n\t\t\n<style>\n#text-282306279 {\n  text-align: center;\n}\n<\/style>\n\t<\/div>\n\t\n\t<div id=\"text-2588348168\" class=\"text\">\n\t\t\n\n<h1>BANTLAMA<\/h1>\n\t\t\n<style>\n#text-2588348168 {\n  font-size: 2.25rem;\n  text-align: center;\n}\n<\/style>\n\t<\/div>\n\t\n\n\t\t<\/div>\n\t\t\t\t\t<\/div>\n\n\t\n\n<\/div>\n\n\t\t<\/div>\n\n\t\t\n<style>\n#section_1632930586 {\n  padding-top: 30px;\n  padding-bottom: 30px;\n  min-height: 500px;\n}\n#section_1632930586 .section-bg-overlay {\n  background-color: rgba(0, 0, 0, 0.25);\n}\n#section_1632930586 .section-bg.bg-loaded {\n  background-image: url(https:\/\/www.mdsmobilya.com\/wp-content\/uploads\/2024\/07\/\u7f51\u7ad9\u6587\u7ae0\u4e3b\u56fe\u6a21\u677f.jpg);\n}\n#section_1632930586 .section-bg {\n  background-position: 53% 84%;\n}\n<\/style>\n\t<\/section>\n\t\n\t<section class=\"section\" id=\"section_825621363\">\n\t\t<div class=\"bg section-bg fill bg-fill  bg-loaded\" >\n\n\t\t\t\n\t\t\t\n\t\t\t\n\n\t\t<\/div>\n\n\t\t\n\n\t\t<div class=\"section-content relative\">\n\t\t\t\n\n<div class=\"row\" style=\"max-width:1200px\" id=\"row-1245709346\">\n\n\n\t<div id=\"col-1245845615\" class=\"col small-12 large-12\"  >\n\t\t\t\t<div class=\"col-inner\"  >\n\t\t\t\n\t\t\t\n\n<div class=\"row row-small\" style=\"max-width:1200px\" id=\"row-1492096726\">\n\n\n\t<div id=\"col-1915914548\" class=\"col medium-6 small-12 large-3\"  >\n\t\t\t\t<div class=\"col-inner text-center\" style=\"background-color:rgba(255, 255, 255, 0.727);\" data-parallax-fade=\"true\" data-parallax=\"3\">\n\t\t\t\n\t<div class=\"is-border\"\n\t\tstyle=\"border-width:2px 2px 2px 2px;\">\n\t<\/div>\n\t\t\t\n\n\t<div class=\"img has-hover x md-x lg-x y md-y lg-y\" id=\"image_1565320324\">\n\t\t\t\t\t\t\t\t<div class=\"img-inner dark\" >\n\t\t\t<img loading=\"lazy\" decoding=\"async\" width=\"512\" height=\"512\" src=\"https:\/\/www.mdsmobilya.com\/wp-content\/uploads\/2024\/07\/stack-of-sheets.png\" class=\"attachment-large size-large\" alt=\"\" srcset=\"https:\/\/www.mdsmobilya.com\/wp-content\/uploads\/2024\/07\/stack-of-sheets.png 512w, https:\/\/www.mdsmobilya.com\/wp-content\/uploads\/2024\/07\/stack-of-sheets-300x300.png 300w, https:\/\/www.mdsmobilya.com\/wp-content\/uploads\/2024\/07\/stack-of-sheets-150x150.png 150w, https:\/\/www.mdsmobilya.com\/wp-content\/uploads\/2024\/07\/stack-of-sheets-100x100.png 100w\" sizes=\"auto, (max-width: 512px) 100vw, 512px\" \/>\t\t\t\t\t\t\n\t\t\t\t\t<\/div>\n\t\t\t\t\t\t\t\t\n<style>\n#image_1565320324 {\n  width: 25%;\n}\n@media (min-width:550px) {\n  #image_1565320324 {\n    width: 18%;\n  }\n}\n@media (min-width:850px) {\n  #image_1565320324 {\n    width: 28%;\n  }\n}\n<\/style>\n\t<\/div>\n\t\n\n\t<div id=\"text-1298587568\" class=\"text\">\n\t\t\n\n<h2><span style=\"font-size: 190%;\">600<\/span><\/h2>\n\t\t\n<style>\n#text-1298587568 {\n  text-align: center;\n}\n<\/style>\n\t<\/div>\n\t\n\n\t\t<div class=\"icon-box featured-box icon-box-top text-left\"  >\n\t\t\t\t<div class=\"icon-box-text last-reset\">\n\t\t\t\t\t\t\t\t\t\n\n\t<div id=\"text-928105818\" class=\"text\">\n\t\t\n\n<p>\u00d6zel Renk Katalo\u011fu<\/p>\n\t\t\n<style>\n#text-928105818 {\n  text-align: center;\n}\n<\/style>\n\t<\/div>\n\t\n\n\t\t<\/div>\n\t<\/div>\n\t\n\t\n\n\t\t<\/div>\n\t\t\t\t\n<style>\n#col-1915914548 > .col-inner {\n  padding: 30px 30px 30px 30px;\n}\n<\/style>\n\t<\/div>\n\n\t\n\n\t<div id=\"col-489870343\" class=\"col medium-6 small-12 large-3\"  >\n\t\t\t\t<div class=\"col-inner text-center\" style=\"background-color:rgba(255, 255, 255, 0.727);\" data-parallax-fade=\"true\" data-parallax=\"-3\">\n\t\t\t\n\t<div class=\"is-border\"\n\t\tstyle=\"border-width:2px 2px 2px 2px;\">\n\t<\/div>\n\t\t\t\n\n\t<div class=\"img has-hover x md-x lg-x y md-y lg-y\" id=\"image_368957696\">\n\t\t\t\t\t\t\t\t<div class=\"img-inner dark\" >\n\t\t\t<img loading=\"lazy\" decoding=\"async\" width=\"512\" height=\"512\" src=\"https:\/\/www.mdsmobilya.com\/wp-content\/uploads\/2024\/07\/chisel.png\" class=\"attachment-large size-large\" alt=\"\" srcset=\"https:\/\/www.mdsmobilya.com\/wp-content\/uploads\/2024\/07\/chisel.png 512w, https:\/\/www.mdsmobilya.com\/wp-content\/uploads\/2024\/07\/chisel-300x300.png 300w, https:\/\/www.mdsmobilya.com\/wp-content\/uploads\/2024\/07\/chisel-150x150.png 150w, https:\/\/www.mdsmobilya.com\/wp-content\/uploads\/2024\/07\/chisel-100x100.png 100w\" sizes=\"auto, (max-width: 512px) 100vw, 512px\" \/>\t\t\t\t\t\t\n\t\t\t\t\t<\/div>\n\t\t\t\t\t\t\t\t\n<style>\n#image_368957696 {\n  width: 25%;\n}\n@media (min-width:550px) {\n  #image_368957696 {\n    width: 18%;\n  }\n}\n@media (min-width:850px) {\n  #image_368957696 {\n    width: 28%;\n  }\n}\n<\/style>\n\t<\/div>\n\t\n\n\t<div id=\"text-2128307331\" class=\"text\">\n\t\t\n\n<h2><span style=\"font-size: 190%;\">0,001<\/span><\/h2>\n\t\t\n<style>\n#text-2128307331 {\n  text-align: center;\n}\n<\/style>\n\t<\/div>\n\t\n\n\t\t<div class=\"icon-box featured-box icon-box-top text-left\"  >\n\t\t\t\t<div class=\"icon-box-text last-reset\">\n\t\t\t\t\t\t\t\t\t\n\n\t<div id=\"text-796621934\" class=\"text\">\n\t\t\n\n<p>Hata Pay\u0131<\/p>\n\t\t\n<style>\n#text-796621934 {\n  text-align: center;\n}\n<\/style>\n\t<\/div>\n\t\n\n\t\t<\/div>\n\t<\/div>\n\t\n\t\n\n\t\t<\/div>\n\t\t\t\t\n<style>\n#col-489870343 > .col-inner {\n  padding: 30px 30px 30px 30px;\n}\n<\/style>\n\t<\/div>\n\n\t\n\n\t<div id=\"col-108335864\" class=\"col medium-6 small-12 large-3\"  >\n\t\t\t\t<div class=\"col-inner text-center\" style=\"background-color:rgba(255, 255, 255, 0.727);\" data-parallax-fade=\"true\" data-parallax=\"3\">\n\t\t\t\n\t<div class=\"is-border\"\n\t\tstyle=\"border-width:2px 2px 2px 2px;\">\n\t<\/div>\n\t\t\t\n\n\t<div class=\"img has-hover x md-x lg-x y md-y lg-y\" id=\"image_444745771\">\n\t\t\t\t\t\t\t\t<div class=\"img-inner dark\" >\n\t\t\t<img loading=\"lazy\" decoding=\"async\" width=\"512\" height=\"512\" src=\"https:\/\/www.mdsmobilya.com\/wp-content\/uploads\/2024\/07\/industry.png\" class=\"attachment-large size-large\" alt=\"\" srcset=\"https:\/\/www.mdsmobilya.com\/wp-content\/uploads\/2024\/07\/industry.png 512w, https:\/\/www.mdsmobilya.com\/wp-content\/uploads\/2024\/07\/industry-300x300.png 300w, https:\/\/www.mdsmobilya.com\/wp-content\/uploads\/2024\/07\/industry-150x150.png 150w, https:\/\/www.mdsmobilya.com\/wp-content\/uploads\/2024\/07\/industry-100x100.png 100w\" sizes=\"auto, (max-width: 512px) 100vw, 512px\" \/>\t\t\t\t\t\t\n\t\t\t\t\t<\/div>\n\t\t\t\t\t\t\t\t\n<style>\n#image_444745771 {\n  width: 25%;\n}\n@media (min-width:550px) {\n  #image_444745771 {\n    width: 18%;\n  }\n}\n@media (min-width:850px) {\n  #image_444745771 {\n    width: 28%;\n  }\n}\n<\/style>\n\t<\/div>\n\t\n\n\t<div id=\"text-3047695414\" class=\"text\">\n\t\t\n\n<h2><span style=\"font-size: 190%;\">9112<\/span><\/h2>\n\t\t\n<style>\n#text-3047695414 {\n  text-align: center;\n}\n<\/style>\n\t<\/div>\n\t\n\n\t\t<div class=\"icon-box featured-box icon-box-top text-left\"  >\n\t\t\t\t<div class=\"icon-box-text last-reset\">\n\t\t\t\t\t\t\t\t\t\n\n\t<div id=\"text-2578995623\" class=\"text\">\n\t\t\n\n<p>\u00d6zel S\u0130pari\u015f<\/p>\n\t\t\n<style>\n#text-2578995623 {\n  text-align: center;\n}\n<\/style>\n\t<\/div>\n\t\n\n\t\t<\/div>\n\t<\/div>\n\t\n\t\n\n\t\t<\/div>\n\t\t\t\t\n<style>\n#col-108335864 > .col-inner {\n  padding: 30px 30px 30px 30px;\n}\n<\/style>\n\t<\/div>\n\n\t\n\n\t<div id=\"col-2084638193\" class=\"col medium-6 small-12 large-3\"  >\n\t\t\t\t<div class=\"col-inner text-center\" style=\"background-color:rgba(255, 255, 255, 0.727);\" data-parallax-fade=\"true\" data-parallax=\"-3\">\n\t\t\t\n\t<div class=\"is-border\"\n\t\tstyle=\"border-width:2px 2px 2px 2px;\">\n\t<\/div>\n\t\t\t\n\n\t<div class=\"img has-hover x md-x lg-x y md-y lg-y\" id=\"image_924017080\">\n\t\t\t\t\t\t\t\t<div class=\"img-inner dark\" >\n\t\t\t<img loading=\"lazy\" decoding=\"async\" width=\"512\" height=\"512\" src=\"https:\/\/www.mdsmobilya.com\/wp-content\/uploads\/2024\/07\/wood.png\" class=\"attachment-large size-large\" alt=\"\" srcset=\"https:\/\/www.mdsmobilya.com\/wp-content\/uploads\/2024\/07\/wood.png 512w, https:\/\/www.mdsmobilya.com\/wp-content\/uploads\/2024\/07\/wood-300x300.png 300w, https:\/\/www.mdsmobilya.com\/wp-content\/uploads\/2024\/07\/wood-150x150.png 150w, https:\/\/www.mdsmobilya.com\/wp-content\/uploads\/2024\/07\/wood-100x100.png 100w\" sizes=\"auto, (max-width: 512px) 100vw, 512px\" \/>\t\t\t\t\t\t\n\t\t\t\t\t<\/div>\n\t\t\t\t\t\t\t\t\n<style>\n#image_924017080 {\n  width: 25%;\n}\n@media (min-width:550px) {\n  #image_924017080 {\n    width: 18%;\n  }\n}\n@media (min-width:850px) {\n  #image_924017080 {\n    width: 28%;\n  }\n}\n<\/style>\n\t<\/div>\n\t\n\n\t<div id=\"text-4172195261\" class=\"text\">\n\t\t\n\n<h2><span style=\"font-size: 190%;\">1<\/span><\/h2>\n\t\t\n<style>\n#text-4172195261 {\n  text-align: center;\n}\n<\/style>\n\t<\/div>\n\t\n\n\t\t<div class=\"icon-box featured-box icon-box-top text-left\"  >\n\t\t\t\t<div class=\"icon-box-text last-reset\">\n\t\t\t\t\t\t\t\t\t\n\n\t<div id=\"text-803901047\" class=\"text\">\n\t\t\n\n<p>Sekt\u00f6rde Bir Numara<\/p>\n\t\t\n<style>\n#text-803901047 {\n  text-align: center;\n}\n<\/style>\n\t<\/div>\n\t\n\n\t\t<\/div>\n\t<\/div>\n\t\n\t\n\n\t\t<\/div>\n\t\t\t\t\n<style>\n#col-2084638193 > .col-inner {\n  padding: 30px 30px 30px 30px;\n}\n<\/style>\n\t<\/div>\n\n\t\n\n<\/div>\n\n\t\t<\/div>\n\t\t\t\t\n<style>\n#col-1245845615 > .col-inner {\n  margin: -110px 0px 0px 0px;\n}\n<\/style>\n\t<\/div>\n\n\t\n\n<\/div>\n\n\t\t<\/div>\n\n\t\t\n<style>\n#section_825621363 {\n  padding-top: 0px;\n  padding-bottom: 0px;\n}\n@media (min-width:550px) {\n  #section_825621363 {\n    padding-top: 30px;\n    padding-bottom: 30px;\n  }\n}\n<\/style>\n\t<\/section>\n\t\n\t<section class=\"section\" id=\"section_2079092008\">\n\t\t<div class=\"bg section-bg fill bg-fill  bg-loaded\" >\n\n\t\t\t\n\t\t\t\n\t\t\t\n\n\t\t<\/div>\n\n\t\t\n\n\t\t<div class=\"section-content relative\">\n\t\t\t\n\n<div class=\"row align-middle\" style=\"max-width:1200px\" id=\"row-210486665\">\n\n\n\t<div id=\"col-1327164171\" class=\"col medium-12 small-12 large-8\"  data-animate=\"fadeInLeft\">\n\t\t\t\t<div class=\"col-inner\"  >\n\t\t\t\n\t\t\t\n\n\n  <div class=\"banner has-hover has-parallax\" id=\"banner-975452947\">\n          <div class=\"banner-inner fill\">\n        <div class=\"banner-bg fill\" data-parallax=\"-3\" data-parallax-container=\".banner\" data-parallax-background>\n            <div class=\"bg fill bg-fill \"><\/div>\n                                    \n                    <\/div>\n\t\t\n        <div class=\"banner-layers container\">\n            <div class=\"fill banner-link\"><\/div>            \n\n\n        <\/div>\n      <\/div>\n\n            \n<style>\n#banner-975452947 {\n  padding-top: 250px;\n  background-color: #446084;\n}\n#banner-975452947 .bg.bg-loaded {\n  background-image: url(https:\/\/www.mdsmobilya.com\/wp-content\/uploads\/2024\/07\/Automatic-Edge-Banding-Machine-Edge-Bander.jpg);\n}\n#banner-975452947 .bg {\n  background-position: 64% 0%;\n}\n@media (min-width:550px) {\n  #banner-975452947 {\n    padding-top: 450px;\n  }\n}\n<\/style>\n  <\/div>\n\n\n\n\t\t<\/div>\n\t\t\t\t\t<\/div>\n\n\t\n\n\t<div id=\"col-2080821743\" class=\"col medium-11 small-12 large-4\"  >\n\t\t\t\t<div class=\"col-inner\"  >\n\t\t\t\n\t\t\t\n\n\t<div id=\"text-942079310\" class=\"text\">\n\t\t\n\n<h2>Bantlama Nedir?<\/h2>\n\t\t\n<style>\n#text-942079310 {\n  font-size: 1.5rem;\n}\n<\/style>\n\t<\/div>\n\t\n<p>Bantlama, mobilya \u00fcretiminde \u00f6nemli bir s\u00fcre\u00e7tir ve \u00fcr\u00fcnlerin hem estetik g\u00f6r\u00fcn\u00fcm\u00fcn\u00fc hem de dayan\u0131kl\u0131l\u0131\u011f\u0131n\u0131 art\u0131rmak i\u00e7in kullan\u0131l\u0131r. Kenar bantlama, \u00f6zellikle mobilyalar\u0131n kenarlar\u0131n\u0131n korunmas\u0131 ve dekoratif bir g\u00f6r\u00fcn\u00fcm kazanmas\u0131 amac\u0131yla uygulan\u0131r. MDS olarak, bantlama i\u015flemlerinde en kaliteli malzemeleri ve ileri teknolojiyi kullanarak, m\u00fc\u015fterilerimize en iyi sonu\u00e7lar\u0131 sunmay\u0131 hedefliyoruz.<\/p>\n\n\t\t<\/div>\n\t\t\t\t\n<style>\n#col-2080821743 > .col-inner {\n  padding: 0px 0px 0px 0;\n}\n@media (min-width:550px) {\n  #col-2080821743 > .col-inner {\n    padding: 0px 0px 0px 30px;\n  }\n}\n<\/style>\n\t<\/div>\n\n\t\n\n<\/div>\n\n\t\t<\/div>\n\n\t\t\n<style>\n#section_2079092008 {\n  padding-top: 30px;\n  padding-bottom: 30px;\n}\n<\/style>\n\t<\/section>\n\t\n\t<section class=\"section\" id=\"section_1799326603\">\n\t\t<div class=\"bg section-bg fill bg-fill  bg-loaded\" >\n\n\t\t\t\n\t\t\t\n\t\t\t\n\n\t\t<\/div>\n\n\t\t\n\n\t\t<div class=\"section-content relative\">\n\t\t\t\n\n<div class=\"row\" style=\"max-width:1200px\" id=\"row-83356255\">\n\n\n\t<div id=\"col-1663016633\" class=\"col small-12 large-12\"  >\n\t\t\t\t<div class=\"col-inner\"  >\n\t\t\t\n\t\t\t\n\n\t<div id=\"text-2424282916\" class=\"text\">\n\t\t\n\n<p><span style=\"font-size: 170%;\"><strong>G\u00dcVEN<\/strong><\/span><\/p>\n\t\t\n<style>\n#text-2424282916 {\n  font-size: 1.5rem;\n  text-align: center;\n}\n<\/style>\n\t<\/div>\n\t\n\n\t\t<\/div>\n\t\t\t\t\t<\/div>\n\n\t\n\n<\/div>\n\n\t\t<\/div>\n\n\t\t\n<style>\n#section_1799326603 {\n  padding-top: 30px;\n  padding-bottom: 30px;\n}\n<\/style>\n\t<\/section>\n\t\n\t<section class=\"section\" id=\"section_803369770\">\n\t\t<div class=\"bg section-bg fill bg-fill  bg-loaded\" >\n\n\t\t\t\n\t\t\t\n\t\t\t\n\n\t\t<\/div>\n\n\t\t\n\n\t\t<div class=\"section-content relative\">\n\t\t\t\n\n<div class=\"row align-middle\" style=\"max-width:1200px\" id=\"row-1612401604\">\n\n\n\t<div id=\"col-1031016358\" class=\"col medium-11 small-12 large-4\"  >\n\t\t\t\t<div class=\"col-inner\"  >\n\t\t\t\n\t\t\t\n\n\t<div id=\"text-2387905859\" class=\"text\">\n\t\t\n\n<h4>Bantlama S\u00fcrecinin \u00d6nemi<\/h4>\n\t\t\n<style>\n#text-2387905859 {\n  font-size: 1.5rem;\n}\n<\/style>\n\t<\/div>\n\t\n<p>Mobilya \u00fcretiminde bantlama, y\u00fczeylerin d\u00fczg\u00fcn ve p\u00fcr\u00fczs\u00fcz olmas\u0131n\u0131 sa\u011flar. Ayn\u0131 zamanda kenarlar\u0131n zarar g\u00f6rmesini engeller ve mobilyalar\u0131n uzun \u00f6m\u00fcrl\u00fc olmas\u0131na katk\u0131da bulunur. Do\u011fru bir bantlama i\u015flemi, mobilyalar\u0131n estetik a\u00e7\u0131dan daha \u00e7ekici g\u00f6r\u00fcnmesini ve kullan\u0131m \u00f6mr\u00fcn\u00fcn uzamas\u0131n\u0131 sa\u011flar.<\/p>\n\n\t\t<\/div>\n\t\t\t\t\n<style>\n#col-1031016358 > .col-inner {\n  padding: 0px 30px 0px 0px;\n}\n<\/style>\n\t<\/div>\n\n\t\n\n\t<div id=\"col-393545732\" class=\"col medium-12 small-12 large-8 medium-col-first\"  data-animate=\"fadeInRight\">\n\t\t\t\t<div class=\"col-inner\"  >\n\t\t\t\n\t\t\t\n\n\n  <div class=\"banner has-hover has-parallax\" id=\"banner-2064427881\">\n          <div class=\"banner-inner fill\">\n        <div class=\"banner-bg fill\" data-parallax=\"-10\" data-parallax-container=\".banner\" data-parallax-background>\n            <div class=\"bg fill bg-fill \"><\/div>\n                                    \n                    <\/div>\n\t\t\n        <div class=\"banner-layers container\">\n            <div class=\"fill banner-link\"><\/div>            \n\n\n        <\/div>\n      <\/div>\n\n            \n<style>\n#banner-2064427881 {\n  padding-top: 250px;\n  background-color: rgb(255, 255, 255);\n}\n#banner-2064427881 .bg.bg-loaded {\n  background-image: url(https:\/\/www.mdsmobilya.com\/wp-content\/uploads\/2024\/07\/68756-02-1000-1.webp);\n}\n#banner-2064427881 .bg {\n  background-position: 45% 64%;\n}\n@media (min-width:550px) {\n  #banner-2064427881 {\n    padding-top: 450px;\n  }\n}\n<\/style>\n  <\/div>\n\n\n\n\t\t<\/div>\n\t\t\t\t\t<\/div>\n\n\t\n\n<\/div>\n\n\t\t<\/div>\n\n\t\t\n<style>\n#section_803369770 {\n  padding-top: 60px;\n  padding-bottom: 60px;\n}\n<\/style>\n\t<\/section>\n\t\n\t<section class=\"section\" id=\"section_12763928\">\n\t\t<div class=\"bg section-bg fill bg-fill  bg-loaded\" >\n\n\t\t\t\n\t\t\t\n\t\t\t\n\n\t\t<\/div>\n\n\t\t\n\n\t\t<div class=\"section-content relative\">\n\t\t\t\n\n<div class=\"row align-middle\" style=\"max-width:1200px\" id=\"row-753092972\">\n\n\n\t<div id=\"col-691898852\" class=\"col medium-12 small-12 large-8\"  data-animate=\"fadeInLeft\">\n\t\t\t\t<div class=\"col-inner\"  >\n\t\t\t\n\t\t\t\n\n\n  <div class=\"banner has-hover has-parallax\" id=\"banner-1506759374\">\n          <div class=\"banner-inner fill\">\n        <div class=\"banner-bg fill\" data-parallax=\"-2\" data-parallax-container=\".banner\" data-parallax-background>\n            <div class=\"bg fill bg-fill \"><\/div>\n                                    \n                    <\/div>\n\t\t\n        <div class=\"banner-layers container\">\n            <div class=\"fill banner-link\"><\/div>            \n\n\n        <\/div>\n      <\/div>\n\n            \n<style>\n#banner-1506759374 {\n  padding-top: 250px;\n  background-color: rgb(255, 255, 255);\n}\n#banner-1506759374 .bg.bg-loaded {\n  background-image: url(https:\/\/www.mdsmobilya.com\/wp-content\/uploads\/2024\/07\/automatic-edge-bander-machine-falcon-7-0-500x500-1.webp);\n}\n#banner-1506759374 .bg {\n  background-position: 64% 0%;\n}\n@media (min-width:550px) {\n  #banner-1506759374 {\n    padding-top: 450px;\n  }\n}\n<\/style>\n  <\/div>\n\n\n\n\t\t<\/div>\n\t\t\t\t\t<\/div>\n\n\t\n\n\t<div id=\"col-1475659387\" class=\"col medium-11 small-12 large-4\"  >\n\t\t\t\t<div class=\"col-inner\"  >\n\t\t\t\n\t\t\t\n\n\t<div id=\"text-1148235247\" class=\"text\">\n\t\t\n\n<h4>\u0130leri Teknoloji ve Hassasiyet<\/h4>\n\t\t\n<style>\n#text-1148235247 {\n  font-size: 1.5rem;\n}\n<\/style>\n\t<\/div>\n\t\n<p>Bantlama i\u015flemlerinde en son teknoloji makineler ve ekipmanlar kullan\u0131yoruz. Bu sayede, her bir kenar bantlama i\u015flemi hassasiyetle yap\u0131l\u0131r ve m\u00fckemmel sonu\u00e7lar elde edilir. \u0130leri teknoloji sayesinde, bantlama i\u015flemi h\u0131zl\u0131 ve hatas\u0131z bir \u015fekilde tamamlan\u0131r, b\u00f6ylece \u00fcretim s\u00fcreci daha verimli hale gelir.<\/p>\n\n\t\t<\/div>\n\t\t\t\t\n<style>\n#col-1475659387 > .col-inner {\n  padding: 0px 0px 0px 0;\n}\n@media (min-width:550px) {\n  #col-1475659387 > .col-inner {\n    padding: 0px 0px 0px 30px;\n  }\n}\n<\/style>\n\t<\/div>\n\n\t\n\n<\/div>\n\n\t\t<\/div>\n\n\t\t\n<style>\n#section_12763928 {\n  padding-top: 30px;\n  padding-bottom: 30px;\n}\n<\/style>\n\t<\/section>\n\t\n\t<section class=\"section dark\" id=\"section_846424033\">\n\t\t<div class=\"bg section-bg fill bg-fill  bg-loaded\" >\n\n\t\t\t\n\t\t\t\n\t\t\t\n\n\t\t<\/div>\n\n\t\t\n\n\t\t<div class=\"section-content relative\">\n\t\t\t\n\n<div class=\"row\" style=\"max-width:1200px\" id=\"row-561875462\">\n\n\n\t<div id=\"col-1452098243\" class=\"col small-12 large-12\"  >\n\t\t\t\t<div class=\"col-inner text-center\"  >\n\t\t\t\n\t\t\t\n\n\t<div id=\"gap-96350120\" class=\"gap-element clearfix\" style=\"display:block; height:auto;\">\n\t\t\n<style>\n#gap-96350120 {\n  padding-top: 50px;\n}\n<\/style>\n\t<\/div>\n\t\n\n\t<div id=\"text-299783083\" class=\"text\">\n\t\t\n\n<h2>\u0130leti\u015fime Ge\u00e7<\/h2>\n\t\t\n<style>\n#text-299783083 {\n  font-size: 1.5rem;\n  text-align: center;\n  color: rgb(0,0,0);\n}\n#text-299783083 > * {\n  color: rgb(0,0,0);\n}\n<\/style>\n\t<\/div>\n\t\n<a class=\"button white is-underline expand\"  >\n    <span>0 543 88 00 100<\/span>\n  <\/a>\n\n\n\n\t\t<\/div>\n\t\t\t\t\t<\/div>\n\n\t\n\n<\/div>\n\n\t\t<\/div>\n\n\t\t\n<style>\n#section_846424033 {\n  padding-top: 40px;\n  padding-bottom: 40px;\n  background-color: rgb(215, 212, 201);\n}\n<\/style>\n\t<\/section>\n\t\n\n","protected":false},"excerpt":{"rendered":"","protected":false},"author":1,"featured_media":0,"parent":0,"menu_order":0,"comment_status":"closed","ping_status":"closed","template":"page-blank.php","meta":{"footnotes":""},"class_list":["post-64","page","type-page","status-publish","hentry"],"_links":{"self":[{"href":"https:\/\/www.mdsmobilya.com\/index.php\/wp-json\/wp\/v2\/pages\/64","targetHints":{"allow":["GET"]}}],"collection":[{"href":"https:\/\/www.mdsmobilya.com\/index.php\/wp-json\/wp\/v2\/pages"}],"about":[{"href":"https:\/\/www.mdsmobilya.com\/index.php\/wp-json\/wp\/v2\/types\/page"}],"author":[{"embeddable":true,"href":"https:\/\/www.mdsmobilya.com\/index.php\/wp-json\/wp\/v2\/users\/1"}],"replies":[{"embeddable":true,"href":"https:\/\/www.mdsmobilya.com\/index.php\/wp-json\/wp\/v2\/comments?post=64"}],"version-history":[{"count":8,"href":"https:\/\/www.mdsmobilya.com\/index.php\/wp-json\/wp\/v2\/pages\/64\/revisions"}],"predecessor-version":[{"id":627,"href":"https:\/\/www.mdsmobilya.com\/index.php\/wp-json\/wp\/v2\/pages\/64\/revisions\/627"}],"wp:attachment":[{"href":"https:\/\/www.mdsmobilya.com\/index.php\/wp-json\/wp\/v2\/media?parent=64"}],"curies":[{"name":"wp","href":"https:\/\/api.w.org\/{rel}","templated":true}]}}